{"id":27515,"date":"2025-09-16T05:43:50","date_gmt":"2025-09-16T05:43:50","guid":{"rendered":"https:\/\/puslapisrastas.lt\/en\/?page_id=27515"},"modified":"2025-09-22T10:56:18","modified_gmt":"2025-09-22T10:56:18","slug":"privatumo-politika","status":"publish","type":"page","link":"https:\/\/puslapisrastas.lt\/en\/privatumo-politika\/","title":{"rendered":"Privatumo politika"},"content":{"rendered":"\t\t<div data-elementor-type=\"wp-page\" data-elementor-id=\"27515\" class=\"elementor elementor-27515\">\n\t\t\t\t<div class=\"elementor-element elementor-element-15a6ab8 e-flex e-con-boxed e-con e-parent\" data-id=\"15a6ab8\" data-element_type=\"container\" data-e-type=\"container\">\n\t\t\t\t\t<div class=\"e-con-inner\">\n\t\t\t\t<div class=\"elementor-element elementor-element-e4adf6f elementor-widget elementor-widget-text-editor\" data-id=\"e4adf6f\" data-element_type=\"widget\" data-e-type=\"widget\" data-widget_type=\"text-editor.default\">\n\t\t\t\t<div class=\"elementor-widget-container\">\n\t\t\t\t\t\t\t\t\t<h2 data-start=\"130\" data-end=\"152\"><strong data-start=\"130\" data-end=\"152\">Privacy Policy<\/strong><\/h2><p data-start=\"130\" data-end=\"152\"><strong data-start=\"130\" data-end=\"152\">\u00a0<\/strong><\/p><p data-start=\"87\" data-end=\"326\">On the website <a href=\"https:\/\/puslapisrastas.lt\/en?utm_source=chatgpt.com\" target=\"_new\" rel=\"noopener\" data-start=\"102\" data-end=\"130\">https:\/\/puslapisrastas.lt\/en<\/a>\u00a0your personal data is collected and managed. This Privacy Policy explains how we collect, use, store, and share your personal data. Please read this document carefully before using our services.<\/p><p data-start=\"328\" data-end=\"393\">We ensure the security and confidentiality of your personal data.<\/p><h3 data-start=\"507\" data-end=\"553\"><strong data-start=\"511\" data-end=\"553\">\u00a0<\/strong><\/h3><h3 data-start=\"507\" data-end=\"553\"><strong data-start=\"511\" data-end=\"553\">What personal data do we collect?<\/strong><\/h3><ul data-start=\"555\" data-end=\"1260\"><li data-start=\"555\" data-end=\"918\"><p data-start=\"557\" data-end=\"918\"><strong data-start=\"557\" data-end=\"582\">\u012erenginio informacija<\/strong>: Kai nar\u0161ote svetain\u0117je <a href=\"https:\/\/puslapisrastas.lt\/en\" target=\"_new\" rel=\"noopener\" data-start=\"607\" data-end=\"632\">https:\/\/puslapisrastas.lt\/en<\/a>,\u00a0automati\u0161kai renkame informacij\u0105 apie j\u016bs\u0173 \u012frengin\u012f (nar\u0161ykl\u0117, IP adresas, laiko juosta, slapukai ir kt.), taip pat informacij\u0105 apie j\u016bs\u0173 nar\u0161ym\u0105 m\u016bs\u0173 svetain\u0117je (puslapiai, kuriuos per\u017ei\u016brite, produktai, kuriuos \u017ei\u016brite ir kita). \u0160i\u0105 informacij\u0105 mes vadiname \u201e\u012erenginio informacija\u201c.<\/p><\/li><li data-start=\"922\" data-end=\"1260\"><p data-start=\"924\" data-end=\"1260\"><strong data-start=\"924\" data-end=\"959\">Savaranki\u0161kai pateikti duomenys<\/strong>: Jei sukuriate paskyr\u0105 m\u016bs\u0173 svetain\u0117je, u\u017esisakote naujienlai\u0161k\u012f, u\u017epildote kontaktin\u0119 form\u0105 arba naudojat\u0117s kitomis m\u016bs\u0173 paslaugomis, galime rinkti tokius asmeninius duomenis kaip j\u016bs\u0173 vardas, pavard\u0117, el. pa\u0161to adresas, telefono numeris, gyvenamosios vietos informacija, mok\u0117jimo informacija ir kt.<strong style=\"font-style: inherit; color: #007cbe; font-family: Georgia, Times, serif; font-size: 1.25rem;\" data-start=\"1271\" data-end=\"1306\">\u00a0<\/strong><\/p><\/li><\/ul><p data-start=\"924\" data-end=\"1260\"><strong style=\"color: #007cbe; font-family: Georgia, Times, serif; font-size: 1.25rem; font-style: inherit;\" data-start=\"1271\" data-end=\"1306\">Why do we collect your data?<\/strong><\/p><p data-start=\"1179\" data-end=\"1236\">We collect your personal data for the following purposes:<\/p><ul data-start=\"1362\" data-end=\"1919\"><li data-start=\"1238\" data-end=\"1439\"><p data-start=\"1240\" data-end=\"1439\"><strong data-start=\"1240\" data-end=\"1261\">Service provision<\/strong>: To ensure that you can use all the features of our website, including placing orders, receiving newsletters, and other services offered. <span data-state=\"closed\"><span data-testid=\"webpage-citation-pill\"><a href=\"https:\/\/puslapisrastas.lt\/en\/privatumo-politika\/\" target=\"_blank\" rel=\"noopener\">puslapisrastas.lt<\/a><\/span><\/span><\/p><\/li><li data-start=\"1440\" data-end=\"1689\"><p data-start=\"1442\" data-end=\"1689\"><strong data-start=\"1442\" data-end=\"1463\">Website analytics<\/strong>: We automatically gather data to analyze the performance of the website, improve it, and enhance user experience. This information is aggregated and is not used to identify individuals. <span data-state=\"closed\"><span data-testid=\"webpage-citation-pill\"><a href=\"https:\/\/puslapisrastas.lt\/en\/privatumo-politika\/\" target=\"_blank\" rel=\"noopener\">puslapisrastas.lt<\/a><\/span><\/span><\/p><\/li><li data-start=\"1690\" data-end=\"1849\"><p data-start=\"1692\" data-end=\"1849\"><strong data-start=\"1692\" data-end=\"1710\">Legal purposes<\/strong>: We may use data to fulfill legal obligations (for example, tax reporting, fulfilling orders, etc.).<\/p><\/li><\/ul><h3 data-start=\"1926\" data-end=\"1948\"><strong data-start=\"1930\" data-end=\"1948\">Your Rights<\/strong><\/h3><h3 data-start=\"1926\" data-end=\"1948\"><span style=\"font-size: 16px; font-style: inherit; font-weight: inherit; color: #7a7a7a; font-family: Roboto, sans-serif;\">Under the European Union\u2019s General Data Protection Regulation (GDPR), if you are an EU resident, you have the following rights:<\/span><\/h3><ul><li data-start=\"2004\" data-end=\"2151\">The right to be informed: You have the right to know what personal data about you is collected by our site.<\/li><li data-start=\"2004\" data-end=\"2151\">The right to access: You can request a copy of all data we process about you.\u00a0<\/li><li data-start=\"2004\" data-end=\"2151\">The right to rectify: If you believe that the data we hold about you is inaccurate or incomplete, you have the right to correct it.<\/li><li data-start=\"2004\" data-end=\"2151\">The right to erase: You may ask us to delete all or part of your personal data that we hold.\u00a0<\/li><li data-start=\"2004\" data-end=\"2151\">The right to restrict processing: Under certain conditions, you may request restriction of processing of your personal data.\u00a0<\/li><li data-start=\"2004\" data-end=\"2151\">The right to data portability: You have the right to receive your provided data in a structured, commonly used, and machine-readable format, to transfer it to another data controller.<\/li><li data-start=\"2004\" data-end=\"2151\">The right to object: You have the right to object to our processing of your data, if it relates to our legitimate interests.<\/li><li data-start=\"2004\" data-end=\"2151\">Rights related to automated decision\u2011making: You may refuse to be subject to decisions based solely on automated processing, including profiling.<\/li><\/ul><p data-start=\"3150\" data-end=\"3269\">If you wish to exercise any of these rights, please contact us using the contact information provided below.<\/p><h3 data-start=\"3276\" data-end=\"3321\"><strong data-start=\"3280\" data-end=\"3321\">\u00a0<\/strong><\/h3><h3 data-start=\"3276\" data-end=\"3321\"><strong data-start=\"3280\" data-end=\"3321\">Data transfers outside the European Union<\/strong><\/h3><p data-start=\"3323\" data-end=\"3620\">Your personal data may be transferred outside the European Economic Area (EEA), for example to the USA or Canada. We ensure that appropriate safeguards are in place for such transfers, such as standard contractual clauses or other legally required mechanisms.<\/p><h3 data-start=\"3627\" data-end=\"3654\"><strong data-start=\"3631\" data-end=\"3654\">\u00a0<\/strong><\/h3><h3 data-start=\"3627\" data-end=\"3654\"><strong data-start=\"3631\" data-end=\"3654\">Data security<\/strong><\/h3><p data-start=\"3656\" data-end=\"3879\">We make every effort to protect your personal data from unauthorized access, alteration, disclosure, or destruction. We use modern encryption and storage technologies to safeguard your information.\u00a0<br data-start=\"4098\" data-end=\"4101\" \/>However, despite our efforts, no system can be fully secure against cyber threats, therefore we cannot guarantee absolute security of your personal data.<\/p><p data-start=\"3656\" data-end=\"3879\">\u00a0<\/p><h3 data-start=\"4077\" data-end=\"4108\"><strong data-start=\"4081\" data-end=\"4108\">Disclosure of Data<\/strong><\/h3><p data-start=\"4325\" data-end=\"4363\">We may disclose your personal data if:<\/p><ul data-start=\"4365\" data-end=\"4639\"><li data-start=\"4365\" data-end=\"4521\"><p data-start=\"4367\" data-end=\"4521\">It is necessary to comply with legal obligations, e.g. to governmental or law enforcement authorities under law. <span class=\"\" data-state=\"closed\"><span class=\"ms-1 inline-flex max-w-full items-center relative top-[-0.094rem] animate-[show_150ms_ease-in]\" data-testid=\"webpage-citation-pill\"><a class=\"flex h-4.5 overflow-hidden rounded-xl px-2 text-[9px] font-medium transition-colors duration-150 ease-in-out text-token-text-secondary! bg-[#F4F4F4]! dark:bg-[#303030]!\" href=\"https:\/\/puslapisrastas.lt\/en\/privatumo-politika\/\" target=\"_blank\" rel=\"noopener\"><span class=\"relative start-0 bottom-0 flex h-full w-full items-center\"><span class=\"flex h-4 w-full items-center justify-between overflow-hidden\"><span class=\"max-w-[15ch] grow truncate overflow-hidden text-center\">puslapisrastas.lt<\/span><\/span><\/span><\/a><\/span><\/span><\/p><\/li><li data-start=\"4522\" data-end=\"4639\"><p data-start=\"4524\" data-end=\"4639\">It is necessary to protect our rights, property, safety, or that of others.<\/p><\/li><\/ul><h3 data-start=\"4395\" data-end=\"4432\"><strong style=\"font-size: 1.25rem; font-style: inherit;\" data-start=\"4399\" data-end=\"4432\">Links to Other Websites<\/strong><\/h3><p data-start=\"4434\" data-end=\"4662\">Our site may contain links to other websites that are not controlled by us. We are not responsible for their privacy policies or practices. Once you leave our site, we recommend you review the privacy policy of any other site you visit.<\/p><h3 data-start=\"4669\" data-end=\"4702\"><strong data-start=\"4673\" data-end=\"4702\">\u00a0<\/strong><\/h3><h3 data-start=\"4669\" data-end=\"4702\"><strong data-start=\"4673\" data-end=\"4702\">Contact Information<\/strong><\/h3><p>If you have any questions about this Privacy Policy or want to exercise your rights, contact us via email: <a class=\"decorated-link cursor-pointer\" rel=\"noopener\" data-start=\"5090\" data-end=\"5119\">migle.sukareviciute@gmail.com<\/a><\/p><p>\u00a0<\/p><p data-start=\"4704\" data-end=\"4855\"><strong data-start=\"4821\" data-end=\"4854\">\u00a0<\/strong><\/p><p data-start=\"4704\" data-end=\"4855\"><strong data-start=\"4821\" data-end=\"4854\">\u00a0<\/strong><\/p>\t\t\t\t\t\t\t\t<\/div>\n\t\t\t\t<\/div>\n\t\t\t\t\t<\/div>\n\t\t\t\t<\/div>\n\t\t\t\t<\/div>\n\t\t","protected":false},"excerpt":{"rendered":"<p>Privacy Policy \u00a0 On the website https:\/\/puslapisrastas.lt\/en\u00a0your personal data is collected and managed. This Privacy Policy explains how we collect, use, store, and share your personal data. Please read this document carefully before using our services. We ensure the security and confidentiality of your personal data. \u00a0 What personal data do we collect? \u012erenginio informacija: [&hellip;]<\/p>\n","protected":false},"author":1,"featured_media":0,"parent":0,"menu_order":0,"comment_status":"closed","ping_status":"closed","template":"","meta":{"site-sidebar-layout":"no-sidebar","site-content-layout":"page-builder","ast-site-content-layout":"full-width-container","site-content-style":"default","site-sidebar-style":"default","ast-global-header-display":"","ast-banner-title-visibility":"","ast-main-header-display":"","ast-hfb-above-header-display":"","ast-hfb-below-header-display":"","ast-hfb-mobile-header-display":"","site-post-title":"disabled","ast-breadcrumbs-content":"","ast-featured-img":"disabled","footer-sml-layout":"","ast-disable-related-posts":"","theme-transparent-header-meta":"","adv-header-id-meta":"","stick-header-meta":"","header-above-stick-meta":"","header-main-stick-meta":"","header-below-stick-meta":"","astra-migrate-meta-layouts":"set","ast-page-background-enabled":"default","ast-page-background-meta":{"desktop":{"background-color":"var(--ast-global-color-4)","background-image":"","background-repeat":"repeat","background-position":"center center","background-size":"auto","background-attachment":"scroll","background-type":"","background-media":"","overlay-type":"","overlay-color":"","overlay-opacity":"","overlay-gradient":""},"tablet":{"background-color":"","background-image":"","background-repeat":"repeat","background-position":"center center","background-size":"auto","background-attachment":"scroll","background-type":"","background-media":"","overlay-type":"","overlay-color":"","overlay-opacity":"","overlay-gradient":""},"mobile":{"background-color":"","background-image":"","background-repeat":"repeat","background-position":"center center","background-size":"auto","background-attachment":"scroll","background-type":"","background-media":"","overlay-type":"","overlay-color":"","overlay-opacity":"","overlay-gradient":""}},"ast-content-background-meta":{"desktop":{"background-color":"var(--ast-global-color-5)","background-image":"","background-repeat":"repeat","background-position":"center center","background-size":"auto","background-attachment":"scroll","background-type":"","background-media":"","overlay-type":"","overlay-color":"","overlay-opacity":"","overlay-gradient":""},"tablet":{"background-color":"var(--ast-global-color-5)","background-image":"","background-repeat":"repeat","background-position":"center center","background-size":"auto","background-attachment":"scroll","background-type":"","background-media":"","overlay-type":"","overlay-color":"","overlay-opacity":"","overlay-gradient":""},"mobile":{"background-color":"var(--ast-global-color-5)","background-image":"","background-repeat":"repeat","background-position":"center center","background-size":"auto","background-attachment":"scroll","background-type":"","background-media":"","overlay-type":"","overlay-color":"","overlay-opacity":"","overlay-gradient":""}},"footnotes":""},"class_list":["post-27515","page","type-page","status-publish","hentry"],"_links":{"self":[{"href":"https:\/\/puslapisrastas.lt\/en\/wp-json\/wp\/v2\/pages\/27515","targetHints":{"allow":["GET"]}}],"collection":[{"href":"https:\/\/puslapisrastas.lt\/en\/wp-json\/wp\/v2\/pages"}],"about":[{"href":"https:\/\/puslapisrastas.lt\/en\/wp-json\/wp\/v2\/types\/page"}],"author":[{"embeddable":true,"href":"https:\/\/puslapisrastas.lt\/en\/wp-json\/wp\/v2\/users\/1"}],"replies":[{"embeddable":true,"href":"https:\/\/puslapisrastas.lt\/en\/wp-json\/wp\/v2\/comments?post=27515"}],"version-history":[{"count":16,"href":"https:\/\/puslapisrastas.lt\/en\/wp-json\/wp\/v2\/pages\/27515\/revisions"}],"predecessor-version":[{"id":27896,"href":"https:\/\/puslapisrastas.lt\/en\/wp-json\/wp\/v2\/pages\/27515\/revisions\/27896"}],"wp:attachment":[{"href":"https:\/\/puslapisrastas.lt\/en\/wp-json\/wp\/v2\/media?parent=27515"}],"curies":[{"name":"wp","href":"https:\/\/api.w.org\/{rel}","templated":true}]}}